{"id":20,"date":"2021-06-09T22:00:05","date_gmt":"2021-06-09T20:00:05","guid":{"rendered":"https:\/\/kaiyo-paris.fr\/?page_id=20"},"modified":"2021-06-29T00:20:19","modified_gmt":"2021-06-28T22:20:19","slug":"contact","status":"publish","type":"page","link":"https:\/\/kaiyo-paris.fr\/index.php\/contact\/","title":{"rendered":"Contact"},"content":{"rendered":"\t\t<div data-elementor-type=\"wp-page\" data-elementor-id=\"20\" class=\"elementor elementor-20\" data-elementor-settings=\"[]\">\n\t\t\t\t\t\t\t<div class=\"elementor-section-wrap\">\n\t\t\t\t\t\t\t<section class=\"elementor-section elementor-top-section elementor-element elementor-element-259a551 elementor-section-boxed elementor-section-height-default elementor-section-height-default\" data-id=\"259a551\" data-element_type=\"section\">\n\t\t\t\t\t\t<div class=\"elementor-container elementor-column-gap-default\">\n\t\t\t\t\t<div class=\"elementor-column elementor-col-100 elementor-top-column elementor-element elementor-element-d1a9d2d\" data-id=\"d1a9d2d\" data-element_type=\"column\">\n\t\t\t<div class=\"elementor-widget-wrap elementor-element-populated\">\n\t\t\t\t\t\t\t\t<div class=\"elementor-element elementor-element-65a92fa elementor-widget elementor-widget-heading\" data-id=\"65a92fa\" data-element_type=\"widget\" data-widget_type=\"heading.default\">\n\t\t\t\t<div class=\"elementor-widget-container\">\n\t\t\t<h2 class=\"elementor-heading-title elementor-size-default\">CONTACT<\/h2>\t\t<\/div>\n\t\t\t\t<\/div>\n\t\t\t\t<div class=\"elementor-element elementor-element-ae31675 elementor-widget elementor-widget-spacer\" data-id=\"ae31675\" data-element_type=\"widget\" data-widget_type=\"spacer.default\">\n\t\t\t\t<div class=\"elementor-widget-container\">\n\t\t\t\t\t<div class=\"elementor-spacer\">\n\t\t\t<div class=\"elementor-spacer-inner\"><\/div>\n\t\t<\/div>\n\t\t\t\t<\/div>\n\t\t\t\t<\/div>\n\t\t\t\t<div class=\"elementor-element elementor-element-e1e2685 elementor-widget elementor-widget-text-editor\" data-id=\"e1e2685\" data-element_type=\"widget\" data-widget_type=\"text-editor.default\">\n\t\t\t\t<div class=\"elementor-widget-container\">\n\t\t\t\t\t\t\t\t<p><span class=\"GRkHZd w8qArf\">Num\u00e9ro : \u00a0<span class=\"LrzXr zdqRlf kno-fv\"><a href=\"https:\/\/www.google.com\/search?q=kaiyo+paris+numero&amp;oq=kaiyo+paris+numero&amp;aqs=chrome..69i57j33i160.2721j0j7&amp;sourceid=chrome&amp;ie=UTF-8#\" data-dtype=\"d3ifr\" data-local-attribute=\"d3ph\" data-ved=\"2ahUKEwiRo9iarbvxAhXIz4UKHT50ALEQkAgoADAfegQIMhAD\">01 44 24 35 79<\/a><br \/><\/span><\/span><span class=\"GRkHZd w8qArf\"> Adresse :\u00a0 <\/span><span class=\"LrzXr\">161 Avenue de Choisy, 75013 Paris<br \/><\/span>Horaires : lundi &#8211; samedi : 11h30-14h30, 18h30-23h00<\/p>\t\t\t\t\t\t<\/div>\n\t\t\t\t<\/div>\n\t\t\t\t\t<\/div>\n\t\t<\/div>\n\t\t\t\t\t\t\t<\/div>\n\t\t<\/section>\n\t\t\t\t<section class=\"elementor-section elementor-top-section elementor-element elementor-element-5465c20 elementor-section-boxed elementor-section-height-default elementor-section-height-default\" data-id=\"5465c20\" data-element_type=\"section\">\n\t\t\t\t\t\t<div class=\"elementor-container elementor-column-gap-default\">\n\t\t\t\t\t<div class=\"elementor-column elementor-col-100 elementor-top-column elementor-element elementor-element-0591b61\" data-id=\"0591b61\" data-element_type=\"column\">\n\t\t\t<div class=\"elementor-widget-wrap elementor-element-populated\">\n\t\t\t\t\t\t\t\t<div class=\"elementor-element elementor-element-b9c777d elementor-widget elementor-widget-google_maps\" data-id=\"b9c777d\" data-element_type=\"widget\" data-widget_type=\"google_maps.default\">\n\t\t\t\t<div class=\"elementor-widget-container\">\n\t\t\t\t\t<div class=\"elementor-custom-embed\">\n\t\t\t<iframe frameborder=\"0\" scrolling=\"no\" marginheight=\"0\" marginwidth=\"0\" src=\"https:\/\/maps.google.com\/maps?q=161%20Avenue%20de%20choisy%2C%2075013%20paris&amp;t=m&amp;z=10&amp;output=embed&amp;iwloc=near\" title=\"%3$s\" aria-label=\"%3$s\"><\/iframe>\n\t\t<\/div>\n\t\t\t\t<\/div>\n\t\t\t\t<\/div>\n\t\t\t\t\t<\/div>\n\t\t<\/div>\n\t\t\t\t\t\t\t<\/div>\n\t\t<\/section>\n\t\t\t\t<section class=\"elementor-section elementor-top-section elementor-element elementor-element-7d4c0b8 elementor-section-boxed elementor-section-height-default elementor-section-height-default\" data-id=\"7d4c0b8\" data-element_type=\"section\">\n\t\t\t\t\t\t<div class=\"elementor-container elementor-column-gap-default\">\n\t\t\t\t\t<div class=\"elementor-column elementor-col-100 elementor-top-column elementor-element elementor-element-d781e22\" data-id=\"d781e22\" data-element_type=\"column\">\n\t\t\t<div class=\"elementor-widget-wrap\">\n\t\t\t\t\t\t\t\t\t<\/div>\n\t\t<\/div>\n\t\t\t\t\t\t\t<\/div>\n\t\t<\/section>\n\t\t\t\t\t\t<\/div>\n\t\t\t\t\t<\/div>\n\t\t","protected":false},"excerpt":{"rendered":"<p>CONTACT Num\u00e9ro : \u00a001 44 24 35 79 Adresse :\u00a0 161 Avenue de Choisy, 75013 ParisHoraires : lundi &#8211; samedi : 11h30-14h30, 18h30-23h00<\/p>\n","protected":false},"author":1,"featured_media":0,"parent":0,"menu_order":0,"comment_status":"closed","ping_status":"closed","template":"elementor_header_footer","meta":{"om_disable_all_campaigns":false,"_monsterinsights_skip_tracking":false,"_monsterinsights_sitenote_active":false,"_monsterinsights_sitenote_note":"","_monsterinsights_sitenote_category":0,"_kad_post_transparent":"","_kad_post_title":"hide","_kad_post_layout":"fullwidth","_kad_post_sidebar_id":"","_kad_post_content_style":"unboxed","_kad_post_vertical_padding":"hide","_kad_post_feature":"hide","_kad_post_feature_position":"","_kad_post_header":false,"_kad_post_footer":false},"yoast_head":"<!-- This site is optimized with the Yoast SEO plugin v16.7 - https:\/\/yoast.com\/wordpress\/plugins\/seo\/ -->\n<title>Contact - Kaiyo<\/title>\n<meta name=\"description\" content=\"Avec un style contemporain et un esprit familiale Kaiyo vous accueille avec sourire, plaisir et simplicit\u00e9, vous proposant de d\u00e9guster diff\u00e9rentes sp\u00e9cialit\u00e9s japonaise et particuli\u00e8rement ces fameux et authentique dragons rolls.\" \/>\n<meta name=\"robots\" content=\"index, follow, max-snippet:-1, max-image-preview:large, max-video-preview:-1\" \/>\n<link rel=\"canonical\" href=\"https:\/\/kaiyo-paris.fr\/index.php\/contact\/\" \/>\n<meta property=\"og:locale\" content=\"fr_FR\" \/>\n<meta property=\"og:type\" content=\"article\" \/>\n<meta property=\"og:title\" content=\"Contact - Kaiyo\" \/>\n<meta property=\"og:description\" content=\"Avec un style contemporain et un esprit familiale Kaiyo vous accueille avec sourire, plaisir et simplicit\u00e9, vous proposant de d\u00e9guster diff\u00e9rentes sp\u00e9cialit\u00e9s japonaise et particuli\u00e8rement ces fameux et authentique dragons rolls.\" \/>\n<meta property=\"og:url\" content=\"https:\/\/kaiyo-paris.fr\/index.php\/contact\/\" \/>\n<meta property=\"og:site_name\" content=\"Kaiyo\" \/>\n<meta property=\"article:modified_time\" content=\"2021-06-28T22:20:19+00:00\" \/>\n<meta name=\"twitter:card\" content=\"summary_large_image\" \/>\n<script type=\"application\/ld+json\" class=\"yoast-schema-graph\">{\"@context\":\"https:\/\/schema.org\",\"@graph\":[{\"@type\":\"WebSite\",\"@id\":\"https:\/\/kaiyo-paris.fr\/#website\",\"url\":\"https:\/\/kaiyo-paris.fr\/\",\"name\":\"Kaiyo\",\"description\":\"Votre restaurant japonais\",\"potentialAction\":[{\"@type\":\"SearchAction\",\"target\":{\"@type\":\"EntryPoint\",\"urlTemplate\":\"https:\/\/kaiyo-paris.fr\/?s={search_term_string}\"},\"query-input\":\"required name=search_term_string\"}],\"inLanguage\":\"fr-FR\"},{\"@type\":\"WebPage\",\"@id\":\"https:\/\/kaiyo-paris.fr\/index.php\/contact\/#webpage\",\"url\":\"https:\/\/kaiyo-paris.fr\/index.php\/contact\/\",\"name\":\"Contact - Kaiyo\",\"isPartOf\":{\"@id\":\"https:\/\/kaiyo-paris.fr\/#website\"},\"datePublished\":\"2021-06-09T20:00:05+00:00\",\"dateModified\":\"2021-06-28T22:20:19+00:00\",\"description\":\"Avec un style contemporain et un esprit familiale Kaiyo vous accueille avec sourire, plaisir et simplicit\\u00e9, vous proposant de d\\u00e9guster diff\\u00e9rentes sp\\u00e9cialit\\u00e9s japonaise et particuli\\u00e8rement ces fameux et authentique dragons rolls.\",\"breadcrumb\":{\"@id\":\"https:\/\/kaiyo-paris.fr\/index.php\/contact\/#breadcrumb\"},\"inLanguage\":\"fr-FR\",\"potentialAction\":[{\"@type\":\"ReadAction\",\"target\":[\"https:\/\/kaiyo-paris.fr\/index.php\/contact\/\"]}]},{\"@type\":\"BreadcrumbList\",\"@id\":\"https:\/\/kaiyo-paris.fr\/index.php\/contact\/#breadcrumb\",\"itemListElement\":[{\"@type\":\"ListItem\",\"position\":1,\"name\":\"Accueil\",\"item\":\"https:\/\/kaiyo-paris.fr\/\"},{\"@type\":\"ListItem\",\"position\":2,\"name\":\"Contact\"}]}]}<\/script>\n<!-- \/ Yoast SEO plugin. -->","yoast_head_json":{"title":"Contact - Kaiyo","description":"Avec un style contemporain et un esprit familiale Kaiyo vous accueille avec sourire, plaisir et simplicit\u00e9, vous proposant de d\u00e9guster diff\u00e9rentes sp\u00e9cialit\u00e9s japonaise et particuli\u00e8rement ces fameux et authentique dragons rolls.","robots":{"index":"index","follow":"follow","max-snippet":"max-snippet:-1","max-image-preview":"max-image-preview:large","max-video-preview":"max-video-preview:-1"},"canonical":"https:\/\/kaiyo-paris.fr\/index.php\/contact\/","og_locale":"fr_FR","og_type":"article","og_title":"Contact - Kaiyo","og_description":"Avec un style contemporain et un esprit familiale Kaiyo vous accueille avec sourire, plaisir et simplicit\u00e9, vous proposant de d\u00e9guster diff\u00e9rentes sp\u00e9cialit\u00e9s japonaise et particuli\u00e8rement ces fameux et authentique dragons rolls.","og_url":"https:\/\/kaiyo-paris.fr\/index.php\/contact\/","og_site_name":"Kaiyo","article_modified_time":"2021-06-28T22:20:19+00:00","twitter_card":"summary_large_image","schema":{"@context":"https:\/\/schema.org","@graph":[{"@type":"WebSite","@id":"https:\/\/kaiyo-paris.fr\/#website","url":"https:\/\/kaiyo-paris.fr\/","name":"Kaiyo","description":"Votre restaurant japonais","potentialAction":[{"@type":"SearchAction","target":{"@type":"EntryPoint","urlTemplate":"https:\/\/kaiyo-paris.fr\/?s={search_term_string}"},"query-input":"required name=search_term_string"}],"inLanguage":"fr-FR"},{"@type":"WebPage","@id":"https:\/\/kaiyo-paris.fr\/index.php\/contact\/#webpage","url":"https:\/\/kaiyo-paris.fr\/index.php\/contact\/","name":"Contact - Kaiyo","isPartOf":{"@id":"https:\/\/kaiyo-paris.fr\/#website"},"datePublished":"2021-06-09T20:00:05+00:00","dateModified":"2021-06-28T22:20:19+00:00","description":"Avec un style contemporain et un esprit familiale Kaiyo vous accueille avec sourire, plaisir et simplicit\u00e9, vous proposant de d\u00e9guster diff\u00e9rentes sp\u00e9cialit\u00e9s japonaise et particuli\u00e8rement ces fameux et authentique dragons rolls.","breadcrumb":{"@id":"https:\/\/kaiyo-paris.fr\/index.php\/contact\/#breadcrumb"},"inLanguage":"fr-FR","potentialAction":[{"@type":"ReadAction","target":["https:\/\/kaiyo-paris.fr\/index.php\/contact\/"]}]},{"@type":"BreadcrumbList","@id":"https:\/\/kaiyo-paris.fr\/index.php\/contact\/#breadcrumb","itemListElement":[{"@type":"ListItem","position":1,"name":"Accueil","item":"https:\/\/kaiyo-paris.fr\/"},{"@type":"ListItem","position":2,"name":"Contact"}]}]}},"_links":{"self":[{"href":"https:\/\/kaiyo-paris.fr\/index.php\/wp-json\/wp\/v2\/pages\/20"}],"collection":[{"href":"https:\/\/kaiyo-paris.fr\/index.php\/wp-json\/wp\/v2\/pages"}],"about":[{"href":"https:\/\/kaiyo-paris.fr\/index.php\/wp-json\/wp\/v2\/types\/page"}],"author":[{"embeddable":true,"href":"https:\/\/kaiyo-paris.fr\/index.php\/wp-json\/wp\/v2\/users\/1"}],"replies":[{"embeddable":true,"href":"https:\/\/kaiyo-paris.fr\/index.php\/wp-json\/wp\/v2\/comments?post=20"}],"version-history":[{"count":7,"href":"https:\/\/kaiyo-paris.fr\/index.php\/wp-json\/wp\/v2\/pages\/20\/revisions"}],"predecessor-version":[{"id":98,"href":"https:\/\/kaiyo-paris.fr\/index.php\/wp-json\/wp\/v2\/pages\/20\/revisions\/98"}],"wp:attachment":[{"href":"https:\/\/kaiyo-paris.fr\/index.php\/wp-json\/wp\/v2\/media?parent=20"}],"curies":[{"name":"wp","href":"https:\/\/api.w.org\/{rel}","templated":true}]}}